{"id":14,"date":"2021-07-26T15:04:20","date_gmt":"2021-07-26T13:04:20","guid":{"rendered":"https:\/\/zahnvital28-muenster.de\/?page_id=14"},"modified":"2026-01-21T13:41:20","modified_gmt":"2026-01-21T12:41:20","slug":"termin","status":"publish","type":"page","link":"https:\/\/zahnvital28-muenster.de\/ar\/termin\/","title":{"rendered":"\u0627\u0644\u0645\u0648\u0627\u0639\u064a\u062f"},"content":{"rendered":"<div data-elementor-type=\"wp-page\" data-elementor-id=\"14\" class=\"elementor elementor-14\">\n\t\t\t\t\t\t<div class=\"elementor-section elementor-top-section elementor-element elementor-element-580e5ae elementor-section-full_width elementor-section-height-default elementor-section-height-default\" data-id=\"580e5ae\" data-element_type=\"section\" data-e-type=\"section\">\n\t\t\t\t\t\t<div class=\"elementor-container elementor-column-gap-no\">\n\t\t\t\t\t<div class=\"elementor-column elementor-col-100 elementor-top-column elementor-element elementor-element-d180d3a\" data-id=\"d180d3a\" data-element_type=\"column\" data-e-type=\"column\">\n\t\t\t<div class=\"elementor-widget-wrap elementor-element-populated\">\n\t\t\t\t\t\t<section class=\"elementor-section elementor-inner-section elementor-element elementor-element-575473d elementor-section-boxed elementor-section-height-default elementor-section-height-default\" data-id=\"575473d\" data-element_type=\"section\" data-e-type=\"section\">\n\t\t\t\t\t\t<div class=\"elementor-container elementor-column-gap-default\">\n\t\t\t\t\t<div class=\"elementor-column elementor-col-50 elementor-inner-column elementor-element elementor-element-03a9c44\" data-id=\"03a9c44\" data-element_type=\"column\" data-e-type=\"column\">\n\t\t\t<div class=\"elementor-widget-wrap elementor-element-populated\">\n\t\t\t\t\t\t<div class=\"elementor-element elementor-element-3ac343a elementor-widget elementor-widget-text-editor\" data-id=\"3ac343a\" data-element_type=\"widget\" data-e-type=\"widget\" data-widget_type=\"text-editor.default\">\n\t\t\t\t<div class=\"elementor-widget-container\">\n\t\t\t\t\t\t\t\t\t<p>\u0641\u0631\u064a\u0642\u0646\u0627 \u0627\u0644\u0645\u062a\u0645\u0631\u0633 \u0641\u064a \u0645\u0648\u0646\u0633\u062a\u0631 \u0645\u0648\u062c\u0648\u062f \u062f\u0627\u0626\u0645\u064b\u0627 \u0644\u062e\u062f\u0645\u062a\u0643\u0645 \u0628\u0634\u0643\u0644 \u0643\u0627\u0645\u0644! \u0627\u062d\u062c\u0632 .\u0645\u0648\u0639\u062f\u064b\u0627 \u0641\u064a \u0639\u064a\u0627\u062f\u062a\u0646\u0627 \u0648\u0627\u0633\u062a\u0641\u062f \u0645\u0646 \u062e\u062f\u0645\u0627\u062a\u0646\u0627 \u0627\u0644\u0639\u0644\u0627\u062c\u064a\u0629 \u0627\u0644\u0634\u0627\u0645\u0644\u0629<\/p><p>\u0644\u0636\u0645\u0627\u0646 \u0633\u0644\u0627\u0633\u0629 \u0627\u0644\u0625\u062c\u0631\u0627\u0621\u0627\u062a \u0641\u064a \u0639\u064a\u0627\u062f\u062a\u0646\u0627\u060c \u0646\u0637\u0644\u0628 \u0645\u0646\u0643 \u062a\u062d\u062f\u064a\u062f \u0645\u0648\u0639\u062f \u0645\u0633\u0628\u0642\u0627\u064b. \u064a\u064f\u0631\u062c\u0649 \u0627\u0633\u062a\u062e\u062f\u0627\u0645 \u0646\u0645\u0648\u0630\u062c \u062a\u062d\u062f\u064a\u062f \u0627\u0644\u0645\u0648\u0627\u0639\u064a\u062f \u0639\u0628\u0631 \u0627\u0644\u0625\u0646\u062a\u0631\u0646\u062a \u0627\u0644\u062e\u0627\u0635 \u0628\u0646\u0627 \u0648\u0627\u0644\u0630\u064a \u0646\u0648\u0641\u0631\u0647 \u0639\u0644\u0649 \u0645\u062f\u0627\u0631 \u0627\u0644\u0633\u0627\u0639\u0629 \u0637\u0648\u0627\u0644 \u0623\u064a\u0627\u0645 \u0627\u0644\u0623\u0633\u0628\u0648\u0639 \u0623\u0648 \u0625\u0639\u0644\u0627\u0645\u0646\u0627 \u0628\u0637\u0644\u0628 \u0645\u0648\u0639\u062f\u0643 \u0639\u0628\u0631 \u0627\u0644\u0647\u0627\u062a\u0641 \u062e\u0644\u0627\u0644 \u0633\u0627\u0639\u0627\u062a \u0639\u0645\u0644\u0646\u0627.<\/p>\t\t\t\t\t\t\t\t<\/div>\n\t\t\t\t<\/div>\n\t\t\t\t\t<\/div>\n\t\t<\/div>\n\t\t\t\t<div class=\"elementor-column elementor-col-50 elementor-inner-column elementor-element elementor-element-3e40416\" data-id=\"3e40416\" data-element_type=\"column\" data-e-type=\"column\">\n\t\t\t<div class=\"elementor-widget-wrap elementor-element-populated\">\n\t\t\t\t\t\t<div class=\"elementor-element elementor-element-af3774a elementor-widget elementor-widget-rolacontactInfo\" data-id=\"af3774a\" data-element_type=\"widget\" data-e-type=\"widget\" data-widget_type=\"rolacontactInfo.default\">\n\t\t\t\t<div class=\"elementor-widget-container\">\n\t\t\t\t\t\r\n        <div class=\"container\">\r\n            <div class=\"row justify-content-center\">\r\n                                    <div class=\"col-lg-6 col-md-6\">\r\n                        <div class=\"single-contact-info-card\">\r\n                                                            <div class=\"icon\">\r\n                                    <i class='bx bx-phone-call'><\/i>\r\n                                <\/div>\r\n                            \r\n                            <h3>\u0627\u0644\u0647\u0627\u062a\u0641:<\/h3>\r\n\r\n                              <p><a href=\"http:\/\/+4925133360\">\u0660\u0662\u0665\u0661\u0663\u0663\u0663\u0666\u0660<\/a><\/p>                        <\/div>\r\n                    <\/div>\r\n                            <\/div>\r\n        <\/div>\r\n\r\n    \t\t\t\t<\/div>\n\t\t\t\t<\/div>\n\t\t\t\t\t<\/div>\n\t\t<\/div>\n\t\t\t\t\t<\/div>\n\t\t<\/section>\n\t\t\t\t<div class=\"elementor-element elementor-element-73e681f elementor-widget elementor-widget-Rola_App_Area\" data-id=\"73e681f\" data-element_type=\"widget\" data-e-type=\"widget\" data-widget_type=\"Rola_App_Area.default\">\n\t\t\t\t<div class=\"elementor-widget-container\">\n\t\t\t\t\t\r\n                    <div class=\"appointment-area bg-image ptb-100\" style=\"background-image: url(https:\/\/zahnvital28-muenster.de\/wp-content\/uploads\/2023\/11\/AdobeStock_369196155-scaled.webp )\">\r\n                <div class=\"container\">\r\n                                            <div class=\"appointment-form\">\r\n                            <h4><i class=\"flaticon-dental-care\"><\/i> \u062d\u062c\u0632 \u0627\u0644\u0645\u0648\u0627\u0639\u064a\u062f \u0639\u0628\u0631 \u0627\u0644\u0625\u0646\u062a\u0631\u0646\u062a<\/h4>\r\n\r\n                            \n<div class=\"wpcf7 no-js\" id=\"wpcf7-f152-o1\" lang=\"en-US\" dir=\"ltr\" data-wpcf7-id=\"152\">\n<div class=\"screen-reader-response\"><p role=\"status\" aria-live=\"polite\" aria-atomic=\"true\"><\/p> <ul><\/ul><\/div>\n<form action=\"\/ar\/wp-json\/wp\/v2\/pages\/14#wpcf7-f152-o1\" method=\"post\" class=\"wpcf7-form init\" aria-label=\"Contact form\" novalidate=\"novalidate\" data-status=\"init\" data-trp-original-action=\"\/ar\/wp-json\/wp\/v2\/pages\/14#wpcf7-f152-o1\">\n<fieldset class=\"hidden-fields-container\"><input type=\"hidden\" name=\"_wpcf7\" value=\"152\" \/><input type=\"hidden\" name=\"_wpcf7_version\" value=\"6.1.5\" \/><input type=\"hidden\" name=\"_wpcf7_locale\" value=\"en_US\" \/><input type=\"hidden\" name=\"_wpcf7_unit_tag\" value=\"wpcf7-f152-o1\" \/><input type=\"hidden\" name=\"_wpcf7_container_post\" value=\"0\" \/><input type=\"hidden\" name=\"_wpcf7_posted_data_hash\" value=\"\" \/>\n<\/fieldset>\n<div class=\"form-group\">\n    <span class=\"wpcf7-form-control-wrap\" data-name=\"vorname\"><input size=\"40\" maxlength=\"400\" class=\"wpcf7-form-control wpcf7-text wpcf7-validates-as-required form-control\" aria-required=\"true\" aria-invalid=\"false\" placeholder=\"*\u0627\u0644\u0627\u0633\u0645 \u0627\u0644\u0623\u0648\u0644\" value=\"\" type=\"text\" name=\"vorname\" \/><\/span>\n<\/div>\n\n<div class=\"form-group\">\n    <span class=\"wpcf7-form-control-wrap\" data-name=\"your-name\"><input size=\"40\" maxlength=\"400\" class=\"wpcf7-form-control wpcf7-text wpcf7-validates-as-required form-control\" aria-required=\"true\" aria-invalid=\"false\" placeholder=\"*\u0627\u0633\u0645 \u0627\u0644\u0639\u0627\u0626\u0644\u0629\" value=\"\" type=\"text\" name=\"your-name\" \/><\/span>\n<\/div>\n\n<div class=\"form-group\">\n    <span class=\"wpcf7-form-control-wrap\" data-name=\"your-email\"><input size=\"40\" maxlength=\"400\" class=\"wpcf7-form-control wpcf7-email wpcf7-validates-as-required wpcf7-text wpcf7-validates-as-email form-control\" aria-required=\"true\" aria-invalid=\"false\" placeholder=\"*\u0639\u0646\u0648\u0627\u0646 \u0627\u0644\u0628\u0631\u064a\u062f \u0627\u0644\u0625\u0644\u0643\u062a\u0631\u0648\u0646\u064a\" value=\"\" type=\"email\" name=\"your-email\" \/><\/span>\n<\/div>\n\n<div class=\"form-group\">\n    <span class=\"wpcf7-form-control-wrap\" data-name=\"telefon\"><input size=\"40\" maxlength=\"25\" minlength=\"8\" class=\"wpcf7-form-control wpcf7-tel wpcf7-validates-as-required wpcf7-text wpcf7-validates-as-tel form-control\" aria-required=\"true\" aria-invalid=\"false\" placeholder=\"\u0627\u0644\u0647\u0627\u062a\u0641 \u0644\u0644\u0627\u0633\u062a\u0641\u0633\u0627\u0631\u0627\u062a\" value=\"\" type=\"tel\" name=\"telefon\" \/><\/span>\n<\/div>\n\n<div class=\"form-group\">*\u062a\u0627\u0631\u064a\u062e \u0627\u0644\u0645\u064a\u0644\u0627\u062f\n    <span class=\"wpcf7-form-control-wrap\" data-name=\"birthday\"><input class=\"wpcf7-form-control wpcf7-date wpcf7-validates-as-required wpcf7-validates-as-date form-control\" aria-required=\"true\" aria-invalid=\"false\" placeholder=\"*\u062a\u0627\u0631\u064a\u062e \u0627\u0644\u0645\u064a\u0644\u0627\u062f\" value=\"\" type=\"date\" name=\"birthday\" \/><\/span>\n<\/div>\n\n<div class=\"form-group\">\u0646\u0648\u0639 \u0627\u0644\u0639\u0644\u0627\u062c (\u064a\u064f\u0631\u062c\u0649 \u062a\u062d\u062f\u064a\u062f \u0623\u062d\u062f \u0627\u0644\u062e\u064a\u0627\u0631\u0627\u062a)\n    <span class=\"wpcf7-form-control-wrap\" data-name=\"behandlungsart\"><select class=\"wpcf7-form-control wpcf7-select wpcf7-validates-as-required form-control\" aria-required=\"true\" aria-invalid=\"false\" name=\"behandlungsart\"><option value=\"\">Bitte ausw\u00e4hlen<\/option><option value=\"Kontrolle\">Kontrolle<\/option><option value=\"Bleaching\">\u062a\u0628\u064a\u064a\u0636 \u0627\u0644\u0623\u0633\u0646\u0627\u0646<\/option><option value=\"Prophylaxe\">Prophylaxe<\/option><option value=\"Schmerzen\">Schmerzen<\/option><option value=\"Zahnreinigung\">Zahnreinigung<\/option><option value=\"Beratung\">Beratung<\/option><option value=\"Sonstige\">Sonstige<\/option><\/select><\/span>\n<\/div>\n\n<div class=\"form-group\">\u0647\u0644 \u0623\u0646\u062a \u0645\u0631\u064a\u0636 \u062c\u062f\u064a\u062f\u061f\n    <span class=\"wpcf7-form-control-wrap\" data-name=\"neuerPatient\"><span class=\"wpcf7-form-control wpcf7-radio form-control\"><span class=\"wpcf7-list-item first\"><label><span class=\"wpcf7-list-item-label\">\u0646\u0639\u0645<\/span><input type=\"radio\" name=\"neuerPatient\" value=\"Ja\" checked=\"checked\" \/><\/label><\/span><span class=\"wpcf7-list-item last\"><label><span class=\"wpcf7-list-item-label\">\u0644\u0627<\/span><input type=\"radio\" name=\"neuerPatient\" value=\"Nein\" \/><\/label><\/span><\/span><\/span>\n<\/div>\n\n<div class=\"form-group\">\u0627\u0644\u064a\u0648\u0645 \u0627\u0644\u0645\u0641\u0636\u0644\n    <span class=\"wpcf7-form-control-wrap\" data-name=\"terminPrferenz\"><span class=\"wpcf7-form-control wpcf7-checkbox form-control\"><span class=\"wpcf7-list-item first\"><label><input type=\"checkbox\" name=\"terminPrferenz[]\" value=\"Mo\" \/><span class=\"wpcf7-list-item-label\">Mo<\/span><\/label><\/span><span class=\"wpcf7-list-item\"><label><input type=\"checkbox\" name=\"terminPrferenz[]\" value=\"Di\" \/><span class=\"wpcf7-list-item-label\">Di<\/span><\/label><\/span><span class=\"wpcf7-list-item\"><label><input type=\"checkbox\" name=\"terminPrferenz[]\" value=\"Mi\" \/><span class=\"wpcf7-list-item-label\">Mi<\/span><\/label><\/span><span class=\"wpcf7-list-item\"><label><input type=\"checkbox\" name=\"terminPrferenz[]\" value=\"Do\" \/><span class=\"wpcf7-list-item-label\">Do<\/span><\/label><\/span><span class=\"wpcf7-list-item last\"><label><input type=\"checkbox\" name=\"terminPrferenz[]\" value=\"Fr\" \/><span class=\"wpcf7-list-item-label\">Fr<\/span><\/label><\/span><\/span><\/span>\n<\/div>\n\n<div class=\"col-lg-12 col-md-12\">\n        <div class=\"form-group\">\n            <span class=\"wpcf7-form-control-wrap\" data-name=\"gdpr\"><span class=\"wpcf7-form-control wpcf7-acceptance\"><span class=\"wpcf7-list-item\"><label><input type=\"checkbox\" name=\"gdpr\" value=\"1\" class=\"gdpr-term\" aria-invalid=\"false\" \/><span class=\"wpcf7-list-item-label\">\u0623\u0648\u0627\u0641\u0642 \u0639\u0644\u0649 \u0633\u064a\u0627\u0633\u0629 \u0627\u0644\u062e\u0635\u0648\u0635\u064a\u0629 <a href=\"https:\/\/zahnvital28-muenster.de\/ar\/datenschutz\/\">\u0627\u0644\u062e\u0635\u0648\u0635\u064a\u0629<\/a>.<\/span><\/label><\/span><\/span><\/span>\n        <\/div>\n<\/div>\n\n\n<button type=\"submit\" class=\"default-btn\">\u0627\u0637\u0644\u0628 \u0645\u0648\u0639\u062f<\/button><input type='hidden' class='wpcf7-pum' value='{\"closepopup\":false,\"closedelay\":0,\"openpopup\":false,\"openpopup_id\":0}' \/><div class=\"wpcf7-response-output\" aria-hidden=\"true\"><\/div>\n<input type=\"hidden\" name=\"trp-form-language\" value=\"ar\"\/><\/form>\n<\/div>\n                        <\/div>\r\n                                    <\/div>\r\n            <\/div>\r\n        \r\n        \t\t\t\t<\/div>\n\t\t\t\t<\/div>\n\t\t\t\t<div class=\"elementor-element elementor-element-885604b elementor-widget elementor-widget-rolacontactInfo\" data-id=\"885604b\" data-element_type=\"widget\" data-e-type=\"widget\" data-widget_type=\"rolacontactInfo.default\">\n\t\t\t\t<div class=\"elementor-widget-container\">\n\t\t\t\t\t\r\n        <div class=\"container\">\r\n            <div class=\"row justify-content-center\">\r\n                                    <div class=\"col-lg-4 col-md-4\">\r\n                        <div class=\"single-contact-info-card\">\r\n                                                            <div class=\"icon\">\r\n                                    <i class='bx bx-map'><\/i>\r\n                                <\/div>\r\n                            \r\n                            <h3>\u064a\u0645\u0643\u0646\u0643 \u0623\u0646 \u062a\u062c\u062f\u0646\u0627 \u0647\u0646\u0627:<\/h3>\r\n\r\n                             <p>Warendorfer Str. 185, 48145 M\u00fcnster<\/p>                        <\/div>\r\n                    <\/div>\r\n                                    <div class=\"col-lg-4 col-md-4\">\r\n                        <div class=\"single-contact-info-card\">\r\n                                                            <div class=\"icon\">\r\n                                    <i class='bx bx-envelope'><\/i>\r\n                                <\/div>\r\n                            \r\n                            <h3>\u0639\u0646\u0648\u0627\u0646 \u0627\u0644\u0628\u0631\u064a\u062f \u0627\u0644\u0625\u0644\u0643\u062a\u0631\u0648\u0646\u064a<\/h3>\r\n\r\n                             <p><a href=\"mailto:info@zahnvital28-muenster.de\">info@zahnvital28-muenster.de<\/a><\/p>\n                                                   <\/div>\r\n                    <\/div>\r\n                                    <div class=\"col-lg-4 col-md-4\">\r\n                        <div class=\"single-contact-info-card\">\r\n                                                            <div class=\"icon\">\r\n                                    <i class='bx bx-phone-call'><\/i>\r\n                                <\/div>\r\n                            \r\n                            <h3>\u0627\u0644\u0647\u0627\u062a\u0641:<\/h3>\r\n\r\n                              <p><a href=\"http:\/\/+4925133360\">\u0660\u0662\u0665\u0661\u0663\u0663\u0663\u0666\u0660<\/a><\/p>                        <\/div>\r\n                    <\/div>\r\n                            <\/div>\r\n        <\/div>\r\n\r\n    \t\t\t\t<\/div>\n\t\t\t\t<\/div>\n\t\t\t\t\t<\/div>\n\t\t<\/div>\n\t\t\t\t\t<\/div>\n\t\t<\/div>\n\t\t\t\t<\/div>","protected":false},"excerpt":{"rendered":"<p>Unser erfahrenes Team bei Zahnvital 28 in M\u00fcnster steht Ihnen pers\u00f6nlich zur Verf\u00fcgung! Vereinbaren Sie einen Termin in unserer Praxis und profitieren Sie von unseren ganzheitlichen Behandlungsans\u00e4tzen. Um einen reibungslosen Ablauf in unserer Praxis sicherzustellen, bitten wir Sie, im Voraus einen Termin zu vereinbaren. Nutzen Sie daf\u00fcr unser Online-Terminformular 24\/7 oder teilen Sie uns gerne <\/p>","protected":false},"author":1,"featured_media":0,"parent":0,"menu_order":0,"comment_status":"closed","ping_status":"closed","template":"","meta":{"_acf_changed":false,"inline_featured_image":false,"two_page_speed":{"current_score":{"desktop_score":100,"desktop_tti":"0.7\u00a0","mobile_score":96,"mobile_tti":"2.3\u00a0","date":"21.01.2026 01:41:48 pm","status":"completed"}},"footnotes":""},"class_list":["post-14","page","type-page","status-publish","hentry"],"acf":[],"yoast_head":"<!-- This site is optimized with the Yoast SEO plugin v27.2 - https:\/\/yoast.com\/product\/yoast-seo-wordpress\/ -->\n<title>Termin - Zahnvital28 M\u00fcnster<\/title>\n<meta name=\"robots\" content=\"index, follow, max-snippet:-1, max-image-preview:large, max-video-preview:-1\" \/>\n<link rel=\"canonical\" href=\"https:\/\/zahnvital28-muenster.de\/ar\/termin\/\" \/>\n<meta property=\"og:locale\" content=\"ar_AR\" \/>\n<meta property=\"og:type\" content=\"article\" \/>\n<meta property=\"og:title\" content=\"Termin - Zahnvital28 M\u00fcnster\" \/>\n<meta property=\"og:description\" content=\"Unser erfahrenes Team bei Zahnvital 28 in M\u00fcnster steht Ihnen pers\u00f6nlich zur Verf\u00fcgung! Vereinbaren Sie einen Termin in unserer Praxis und profitieren Sie von unseren ganzheitlichen Behandlungsans\u00e4tzen. Um einen reibungslosen Ablauf in unserer Praxis sicherzustellen, bitten wir Sie, im Voraus einen Termin zu vereinbaren. Nutzen Sie daf\u00fcr unser Online-Terminformular 24\/7 oder teilen Sie uns gerne\" \/>\n<meta property=\"og:url\" content=\"https:\/\/zahnvital28-muenster.de\/ar\/termin\/\" \/>\n<meta property=\"og:site_name\" content=\"Zahnvital28 M\u00fcnster\" \/>\n<meta property=\"article:modified_time\" content=\"2026-01-21T12:41:20+00:00\" \/>\n<meta name=\"twitter:card\" content=\"summary_large_image\" \/>\n<meta name=\"twitter:label1\" content=\"\u0648\u0642\u062a \u0627\u0644\u0642\u0631\u0627\u0621\u0629 \u0627\u0644\u0645\u064f\u0642\u062f\u0651\u0631\" \/>\n\t<meta name=\"twitter:data1\" content=\"\u062f\u0642\u064a\u0642\u0629 \u0648\u0627\u062d\u062f\u0629\" \/>\n<script type=\"application\/ld+json\" class=\"yoast-schema-graph\">{\"@context\":\"https:\/\/schema.org\",\"@graph\":[{\"@type\":\"WebPage\",\"@id\":\"https:\/\/zahnvital28-muenster.de\/de_de\/termin\/\",\"url\":\"https:\/\/zahnvital28-muenster.de\/de_de\/termin\/\",\"name\":\"Termin - Zahnvital28 M\u00fcnster\",\"isPartOf\":{\"@id\":\"https:\/\/zahnvital28-muenster.de\/#website\"},\"datePublished\":\"2021-07-26T13:04:20+00:00\",\"dateModified\":\"2026-01-21T12:41:20+00:00\",\"breadcrumb\":{\"@id\":\"https:\/\/zahnvital28-muenster.de\/de_de\/termin\/#breadcrumb\"},\"inLanguage\":\"ar\",\"potentialAction\":[{\"@type\":\"ReadAction\",\"target\":[\"https:\/\/zahnvital28-muenster.de\/de_de\/termin\/\"]}]},{\"@type\":\"BreadcrumbList\",\"@id\":\"https:\/\/zahnvital28-muenster.de\/de_de\/termin\/#breadcrumb\",\"itemListElement\":[{\"@type\":\"ListItem\",\"position\":1,\"name\":\"Home\",\"item\":\"https:\/\/zahnvital28-muenster.de\/de_de\/\"},{\"@type\":\"ListItem\",\"position\":2,\"name\":\"Termin\"}]},{\"@type\":\"WebSite\",\"@id\":\"https:\/\/zahnvital28-muenster.de\/#website\",\"url\":\"https:\/\/zahnvital28-muenster.de\/\",\"name\":\"Zahnvital28 M\u00fcnster\",\"description\":\"Ihre Zahnarztpraxis in M\u00fcnster Mauritz\",\"potentialAction\":[{\"@type\":\"SearchAction\",\"target\":{\"@type\":\"EntryPoint\",\"urlTemplate\":\"https:\/\/zahnvital28-muenster.de\/?s={search_term_string}\"},\"query-input\":{\"@type\":\"PropertyValueSpecification\",\"valueRequired\":true,\"valueName\":\"search_term_string\"}}],\"inLanguage\":\"ar\"}]}<\/script>\n<!-- \/ Yoast SEO plugin. -->","yoast_head_json":{"title":"Termin - Zahnvital28 M\u00fcnster","robots":{"index":"index","follow":"follow","max-snippet":"max-snippet:-1","max-image-preview":"max-image-preview:large","max-video-preview":"max-video-preview:-1"},"canonical":"https:\/\/zahnvital28-muenster.de\/ar\/termin\/","og_locale":"ar_AR","og_type":"article","og_title":"Termin - Zahnvital28 M\u00fcnster","og_description":"Unser erfahrenes Team bei Zahnvital 28 in M\u00fcnster steht Ihnen pers\u00f6nlich zur Verf\u00fcgung! Vereinbaren Sie einen Termin in unserer Praxis und profitieren Sie von unseren ganzheitlichen Behandlungsans\u00e4tzen. Um einen reibungslosen Ablauf in unserer Praxis sicherzustellen, bitten wir Sie, im Voraus einen Termin zu vereinbaren. Nutzen Sie daf\u00fcr unser Online-Terminformular 24\/7 oder teilen Sie uns gerne","og_url":"https:\/\/zahnvital28-muenster.de\/ar\/termin\/","og_site_name":"Zahnvital28 M\u00fcnster","article_modified_time":"2026-01-21T12:41:20+00:00","twitter_card":"summary_large_image","twitter_misc":{"\u0648\u0642\u062a \u0627\u0644\u0642\u0631\u0627\u0621\u0629 \u0627\u0644\u0645\u064f\u0642\u062f\u0651\u0631":"\u062f\u0642\u064a\u0642\u0629 \u0648\u0627\u062d\u062f\u0629"},"schema":{"@context":"https:\/\/schema.org","@graph":[{"@type":"WebPage","@id":"https:\/\/zahnvital28-muenster.de\/de_de\/termin\/","url":"https:\/\/zahnvital28-muenster.de\/de_de\/termin\/","name":"Termin - Zahnvital28 M\u00fcnster","isPartOf":{"@id":"https:\/\/zahnvital28-muenster.de\/#website"},"datePublished":"2021-07-26T13:04:20+00:00","dateModified":"2026-01-21T12:41:20+00:00","breadcrumb":{"@id":"https:\/\/zahnvital28-muenster.de\/de_de\/termin\/#breadcrumb"},"inLanguage":"ar","potentialAction":[{"@type":"ReadAction","target":["https:\/\/zahnvital28-muenster.de\/de_de\/termin\/"]}]},{"@type":"BreadcrumbList","@id":"https:\/\/zahnvital28-muenster.de\/de_de\/termin\/#breadcrumb","itemListElement":[{"@type":"ListItem","position":1,"name":"Home","item":"https:\/\/zahnvital28-muenster.de\/de_de\/"},{"@type":"ListItem","position":2,"name":"Termin"}]},{"@type":"WebSite","@id":"https:\/\/zahnvital28-muenster.de\/#website","url":"https:\/\/zahnvital28-muenster.de\/","name":"Zahnvital28 M\u00fcnster","description":"Ihre Zahnarztpraxis in M\u00fcnster Mauritz","potentialAction":[{"@type":"SearchAction","target":{"@type":"EntryPoint","urlTemplate":"https:\/\/zahnvital28-muenster.de\/?s={search_term_string}"},"query-input":{"@type":"PropertyValueSpecification","valueRequired":true,"valueName":"search_term_string"}}],"inLanguage":"ar"}]}},"_links":{"self":[{"href":"https:\/\/zahnvital28-muenster.de\/ar\/wp-json\/wp\/v2\/pages\/14","targetHints":{"allow":["GET"]}}],"collection":[{"href":"https:\/\/zahnvital28-muenster.de\/ar\/wp-json\/wp\/v2\/pages"}],"about":[{"href":"https:\/\/zahnvital28-muenster.de\/ar\/wp-json\/wp\/v2\/types\/page"}],"author":[{"embeddable":true,"href":"https:\/\/zahnvital28-muenster.de\/ar\/wp-json\/wp\/v2\/users\/1"}],"replies":[{"embeddable":true,"href":"https:\/\/zahnvital28-muenster.de\/ar\/wp-json\/wp\/v2\/comments?post=14"}],"version-history":[{"count":5,"href":"https:\/\/zahnvital28-muenster.de\/ar\/wp-json\/wp\/v2\/pages\/14\/revisions"}],"predecessor-version":[{"id":2495,"href":"https:\/\/zahnvital28-muenster.de\/ar\/wp-json\/wp\/v2\/pages\/14\/revisions\/2495"}],"wp:attachment":[{"href":"https:\/\/zahnvital28-muenster.de\/ar\/wp-json\/wp\/v2\/media?parent=14"}],"curies":[{"name":"wp","href":"https:\/\/api.w.org\/{rel}","templated":true}]}}