{"id":41,"date":"2021-07-27T05:29:34","date_gmt":"2021-07-27T03:29:34","guid":{"rendered":"https:\/\/zahnvital28-muenster.de\/?page_id=41"},"modified":"2026-01-21T15:33:53","modified_gmt":"2026-01-21T14:33:53","slug":"kontakt","status":"publish","type":"page","link":"https:\/\/zahnvital28-muenster.de\/ar\/kontakt\/","title":{"rendered":"\u0627\u062a\u0635\u0644 \u0628\u0646\u0627"},"content":{"rendered":"<div data-elementor-type=\"wp-page\" data-elementor-id=\"41\" class=\"elementor elementor-41\">\n\t\t\t\t\t\t<div class=\"elementor-section elementor-top-section elementor-element elementor-element-8ea6737 elementor-section-full_width contact-info-area pt-100 pb-75 elementor-section-height-default elementor-section-height-default\" data-id=\"8ea6737\" data-element_type=\"section\" data-e-type=\"section\">\n\t\t\t\t\t\t<div class=\"elementor-container elementor-column-gap-no\">\n\t\t\t\t\t<div class=\"elementor-column elementor-col-100 elementor-top-column elementor-element elementor-element-4b9ef8b\" data-id=\"4b9ef8b\" data-element_type=\"column\" data-e-type=\"column\">\n\t\t\t<div class=\"elementor-widget-wrap elementor-element-populated\">\n\t\t\t\t\t\t<div class=\"elementor-element elementor-element-5fb2608 elementor-widget elementor-widget-Rola_Section\" data-id=\"5fb2608\" data-element_type=\"widget\" data-e-type=\"widget\" data-widget_type=\"Rola_Section.default\">\n\t\t\t\t<div class=\"elementor-widget-container\">\n\t\t\t\t\t                    <div class=\"container\">\r\n                <div class=\"section-title\">\r\n                                            <span class=\"sub-title\">\r\n                                                        \u0645\u0639\u0644\u0648\u0645\u0627\u062a \u0627\u0644\u0627\u062a\u0635\u0627\u0644 \u0628\u0646\u0627                        <\/span>\r\n                                        <h2><b>\u0646\u062d\u0646 \u0647\u0646\u0627 \u0645\u0646 \u0623\u062c\u0644\u0643<\/b><\/h2>\r\n                    <p>\u064a\u0645\u0643\u0646\u0643 \u0625\u0628\u0644\u0627\u063a\u0646\u0627 \u0639\u0646 \u0627\u0633\u062a\u0641\u0633\u0627\u0631\u0643 \u0639\u0646 \u0637\u0631\u064a\u0642 \u0627\u0644\u0647\u0627\u062a\u0641 \u0623\u0648 \u0627\u0644\u0628\u0631\u064a\u062f \u0627\u0644\u0625\u0644\u0643\u062a\u0631\u0648\u0646\u064a.<\/p>\r\n                <\/div>\r\n            <\/div>\r\n        \r\n        \t\t\t\t<\/div>\n\t\t\t\t<\/div>\n\t\t\t\t<div class=\"elementor-element elementor-element-bc2552f elementor-widget elementor-widget-rolacontactInfo\" data-id=\"bc2552f\" data-element_type=\"widget\" data-e-type=\"widget\" data-widget_type=\"rolacontactInfo.default\">\n\t\t\t\t<div class=\"elementor-widget-container\">\n\t\t\t\t\t\r\n        <div class=\"container\">\r\n            <div class=\"row justify-content-center\">\r\n                                    <div class=\"col-lg-4 col-md-4\">\r\n                        <div class=\"single-contact-info-card\">\r\n                                                            <div class=\"icon\">\r\n                                    <i class='bx bx-map'><\/i>\r\n                                <\/div>\r\n                            \r\n                            <h3>\u064a\u0645\u0643\u0646\u0643 \u0623\u0646 \u062a\u062c\u062f\u0646\u0627 \u0647\u0646\u0627:<\/h3>\r\n\r\n                             <p>Warendorfer Str. 185, 48145 M\u00fcnster<\/p>                        <\/div>\r\n                    <\/div>\r\n                                    <div class=\"col-lg-4 col-md-4\">\r\n                        <div class=\"single-contact-info-card\">\r\n                                                            <div class=\"icon\">\r\n                                    <i class='bx bx-envelope'><\/i>\r\n                                <\/div>\r\n                            \r\n                            <h3>\u0639\u0646\u0648\u0627\u0646 \u0627\u0644\u0628\u0631\u064a\u062f \u0627\u0644\u0625\u0644\u0643\u062a\u0631\u0648\u0646\u064a<\/h3>\r\n\r\n                             <p><a href=\"mailto:info@zahnvital28-muenster.de\">info@zahnvital28-muenster.de<\/a><\/p>\n                                                   <\/div>\r\n                    <\/div>\r\n                                    <div class=\"col-lg-4 col-md-4\">\r\n                        <div class=\"single-contact-info-card\">\r\n                                                            <div class=\"icon\">\r\n                                    <i class='bx bx-phone-call'><\/i>\r\n                                <\/div>\r\n                            \r\n                            <h3>\u0627\u0644\u0647\u0627\u062a\u0641:<\/h3>\r\n\r\n                              <p><a href=\"http:\/\/+4925133360\">\u0660\u0662\u0665\u0661\u0663\u0663\u0663\u0666\u0660<\/a><\/p>                        <\/div>\r\n                    <\/div>\r\n                            <\/div>\r\n        <\/div>\r\n\r\n    \t\t\t\t<\/div>\n\t\t\t\t<\/div>\n\t\t\t\t<div class=\"elementor-element elementor-element-ec147a9 elementor-widget elementor-widget-rolacontactInfo\" data-id=\"ec147a9\" data-element_type=\"widget\" data-e-type=\"widget\" data-widget_type=\"rolacontactInfo.default\">\n\t\t\t\t<div class=\"elementor-widget-container\">\n\t\t\t\t\t\r\n        <div class=\"container\">\r\n            <div class=\"row justify-content-center\">\r\n                                    <div class=\"col-lg-6 col-md-6\">\r\n                        <div class=\"single-contact-info-card\">\r\n                                                            <div class=\"icon\">\r\n                                    <i class='bx bx-time-five'><\/i>\r\n                                <\/div>\r\n                            \r\n                            <h3>\u0633\u0627\u0639\u0627\u062a \u0639\u0645\u0644 \u0627\u0644\u0639\u064a\u0627\u062f\u0629<\/h3>\r\n\r\n                             <p><b>\u0645\u0646 \u0627\u0644\u0627\u062b\u0646\u064a\u0646 \u0625\u0644\u0649 \u0627\u0644\u062e\u0645\u064a\u0633<\/p>\n                            <p>08:00 \u0635\u0628\u0627\u062d\u0627\u064b - 12:30 \u0638\u0647\u0631\u0627\u064b<\/p>\n <p><b>\u0627\u0644\u0627\u062b\u0646\u064a\u0646 \u0648 \u0627\u0644\u062b\u0644\u0627\u062b\u0627\u0621<\/p>\n                            <p>14:00 \u0638\u0647\u0631\u0627\u064b - 18:00 \u0638\u0647\u0631\u0627\u064b<\/p>\n <p><b>\u0627\u0644\u062e\u0645\u064a\u0633<\/p>\n                            <p>14:00 \u0638\u0647\u0631\u0627\u064b - 18:30 \u0645\u0633\u0627\u0621\u064b<\/p>\n <p><b>\u0627\u0644\u062c\u0645\u0639\u0629<\/p>\n                            <p>08:00 \u0635\u0628\u0627\u062d\u0627\u064b - 12:00 \u0638\u0647\u0631\u0627\u064b<\/p>                        <\/div>\r\n                    <\/div>\r\n                            <\/div>\r\n        <\/div>\r\n\r\n    \t\t\t\t<\/div>\n\t\t\t\t<\/div>\n\t\t\t\t\t<\/div>\n\t\t<\/div>\n\t\t\t\t\t<\/div>\n\t\t<\/div>\n\t\t\t\t<div class=\"elementor-section elementor-top-section elementor-element elementor-element-ff896d1 contact-area pb-100 elementor-section-boxed elementor-section-height-default elementor-section-height-default\" data-id=\"ff896d1\" data-element_type=\"section\" data-e-type=\"section\">\n\t\t\t\t\t\t<div class=\"elementor-container elementor-column-gap-no\">\n\t\t\t\t\t<div class=\"elementor-column elementor-col-100 elementor-top-column elementor-element elementor-element-0d49c8a\" data-id=\"0d49c8a\" data-element_type=\"column\" data-e-type=\"column\">\n\t\t\t<div class=\"elementor-widget-wrap elementor-element-populated\">\n\t\t\t\t\t\t<div class=\"elementor-element elementor-element-d6b0fa7 elementor-widget elementor-widget-Rola_Section\" data-id=\"d6b0fa7\" data-element_type=\"widget\" data-e-type=\"widget\" data-widget_type=\"Rola_Section.default\">\n\t\t\t\t<div class=\"elementor-widget-container\">\n\t\t\t\t\t                    <div class=\"container\">\r\n                <div class=\"section-title\">\r\n                                            <span class=\"sub-title\">\r\n                                                        \u0646\u0645\u0648\u0630\u062c \u0627\u0644\u0627\u062a\u0635\u0627\u0644 \u0628\u0646\u0627                        <\/span>\r\n                                        <h3>\u0644\u0644\u0623\u0633\u0626\u0644\u0629 \u0627\u0644\u0639\u0627\u0645\u0629 \u0623\u0648 \u0627\u0644\u0627\u0642\u062a\u0631\u0627\u062d\u0627\u062a\u060c \u064a\u0631\u062c\u0649 \u0645\u0644\u0621 \u0646\u0645\u0648\u0630\u062c \u0627\u0644\u0627\u062a\u0635\u0627\u0644 \u0627\u0644\u062a\u0627\u0644\u064a. <\/br>\u0633\u0646\u0639\u0627\u0648\u062f \u0627\u0644\u0627\u062a\u0635\u0627\u0644 \u0628\u0643 \u0641\u064a \u0623\u0642\u0631\u0628 \u0648\u0642\u062a \u0645\u0645\u0643\u0646.<\/h3>\r\n                    <p><\/p>\r\n                <\/div>\r\n            <\/div>\r\n        \r\n        \t\t\t\t<\/div>\n\t\t\t\t<\/div>\n\t\t\t\t<div class=\"elementor-element elementor-element-82809ae elementor-widget elementor-widget-rolacontact-widget\" data-id=\"82809ae\" data-element_type=\"widget\" data-e-type=\"widget\" data-widget_type=\"rolacontact-widget.default\">\n\t\t\t\t<div class=\"elementor-widget-container\">\n\t\t\t\t\t        <div class=\"container\">\r\n           \r\n                            <div class=\"contact-form\">\r\n                    \n<div class=\"wpcf7 no-js\" id=\"wpcf7-f615-o1\" lang=\"en-US\" dir=\"ltr\" data-wpcf7-id=\"615\">\n<div class=\"screen-reader-response\"><p role=\"status\" aria-live=\"polite\" aria-atomic=\"true\"><\/p> <ul><\/ul><\/div>\n<form action=\"\/ar\/wp-json\/wp\/v2\/pages\/41#wpcf7-f615-o1\" method=\"post\" class=\"wpcf7-form init\" aria-label=\"Contact form\" novalidate=\"novalidate\" data-status=\"init\" data-trp-original-action=\"\/ar\/wp-json\/wp\/v2\/pages\/41#wpcf7-f615-o1\">\n<fieldset class=\"hidden-fields-container\"><input type=\"hidden\" name=\"_wpcf7\" value=\"615\" \/><input type=\"hidden\" name=\"_wpcf7_version\" value=\"6.1.5\" \/><input type=\"hidden\" name=\"_wpcf7_locale\" value=\"en_US\" \/><input type=\"hidden\" name=\"_wpcf7_unit_tag\" value=\"wpcf7-f615-o1\" \/><input type=\"hidden\" name=\"_wpcf7_container_post\" value=\"0\" \/><input type=\"hidden\" name=\"_wpcf7_posted_data_hash\" value=\"\" \/>\n<\/fieldset>\n<div class=\"row\">\n    <div class=\"col-lg-6 col-md-6\">\n        <div class=\"form-group\">\n            <span class=\"wpcf7-form-control-wrap\" data-name=\"your-name\"><input size=\"40\" maxlength=\"400\" class=\"wpcf7-form-control wpcf7-text wpcf7-validates-as-required form-control\" aria-required=\"true\" aria-invalid=\"false\" placeholder=\"*\u0627\u0633\u0645 \u0627\u0644\u0639\u0627\u0626\u0644\u0629\" value=\"\" type=\"text\" name=\"your-name\" \/><\/span>\n        <\/div>\n    <\/div>\n\n    <div class=\"col-lg-6 col-md-6\">\n        <div class=\"form-group\">\n            <span class=\"wpcf7-form-control-wrap\" data-name=\"your-email\"><input size=\"40\" maxlength=\"400\" class=\"wpcf7-form-control wpcf7-email wpcf7-validates-as-required wpcf7-text wpcf7-validates-as-email form-control\" aria-required=\"true\" aria-invalid=\"false\" placeholder=\"*\u0627\u0644\u0628\u0631\u064a\u062f \u0627\u0644\u0625\u0644\u0643\u062a\u0631\u0648\u0646\u064a\" value=\"\" type=\"email\" name=\"your-email\" \/><\/span>\n        <\/div>\n    <\/div>\n\n    <div class=\"col-lg-6 col-md-6\">\n        <div class=\"form-group\">\n            <span class=\"wpcf7-form-control-wrap\" data-name=\"tel-334\"><input size=\"40\" maxlength=\"20\" minlength=\"8\" class=\"wpcf7-form-control wpcf7-tel wpcf7-validates-as-required wpcf7-text wpcf7-validates-as-tel form-control\" aria-required=\"true\" aria-invalid=\"false\" placeholder=\"\u0627\u0644\u0647\u0627\u062a\u0641 \u0644\u0644\u0627\u0633\u062a\u0641\u0633\u0627\u0631\u0627\u062a\" value=\"\" type=\"tel\" name=\"tel-334\" \/><\/span>\n        <\/div>\n    <\/div>\n\n    <div class=\"col-lg-6 col-md-6\">\n        <div class=\"form-group\">\n            <span class=\"wpcf7-form-control-wrap\" data-name=\"your-subject\"><input size=\"40\" maxlength=\"400\" class=\"wpcf7-form-control wpcf7-text wpcf7-validates-as-required form-control\" aria-required=\"true\" aria-invalid=\"false\" placeholder=\"\u0627\u0644\u0633\u0628\u0628*\" value=\"\" type=\"text\" name=\"your-subject\" \/><\/span>\n        <\/div>\n    <\/div>\n\n    <div class=\"col-lg-12 col-md-12\">\n        <div class=\"form-group\">\n            <span class=\"wpcf7-form-control-wrap\" data-name=\"your-message\"><textarea cols=\"40\" rows=\"5\" maxlength=\"2000\" class=\"wpcf7-form-control wpcf7-textarea wpcf7-validates-as-required form-control\" aria-required=\"true\" aria-invalid=\"false\" placeholder=\"\u0631\u0633\u0627\u0644\u062a\u0643\" name=\"your-message\"><\/textarea><\/span>\n\n            <span class=\"wpcf7-form-control-wrap\" data-name=\"gdpr\"><span class=\"wpcf7-form-control wpcf7-acceptance\"><span class=\"wpcf7-list-item\"><label><input type=\"checkbox\" name=\"gdpr\" value=\"1\" class=\"gdpr-term\" aria-invalid=\"false\" \/><span class=\"wpcf7-list-item-label\">\u0623\u0648\u0627\u0641\u0642 \u0639\u0644\u0649 \u0633\u064a\u0627\u0633\u0629 \u0627\u0644\u062e\u0635\u0648\u0635\u064a\u0629 <a href=\"https:\/\/zahnvital28-muenster.de\/ar\/datenschutz\/\">\u0627\u0644\u062e\u0635\u0648\u0635\u064a\u0629<\/a>.<\/span><\/label><\/span><\/span><\/span>\n        <\/div>\n    <\/div>\n\n    <div class=\"col-lg-12 col-md-12\">\n        <button type=\"submit\" class=\"default-btn\">\u0623\u0631\u0633\u0644 \u0627\u0644\u0631\u0633\u0627\u0644\u0629<\/button>\n    <\/div>\n<\/div><input type='hidden' class='wpcf7-pum' value='{\"closepopup\":false,\"closedelay\":0,\"openpopup\":false,\"openpopup_id\":0}' \/><div class=\"wpcf7-response-output\" aria-hidden=\"true\"><\/div>\n<input type=\"hidden\" name=\"trp-form-language\" value=\"ar\"\/><\/form>\n<\/div>\n                <\/div>\r\n                    <\/div>\r\n\r\n    \t\t\t\t<\/div>\n\t\t\t\t<\/div>\n\t\t\t\t\t<\/div>\n\t\t<\/div>\n\t\t\t\t\t<\/div>\n\t\t<\/div>\n\t\t\t\t<\/div>","protected":false},"excerpt":{"rendered":"<p>UNSERE KONTAKTINFORMATIONEN Wir sind f\u00fcr Sie da Gerne k\u00f6nnen Sie uns Ihr Anliegen telefonisch oder per E-Mail mitteilen. Hier finden Sie uns: Warendorfer Str. 185, 48145 M\u00fcnster E-Mail-Adresse: info@zahnvital28-muenster.de Telefon: +49 251 33360 Unsere \u00d6ffnungszeiten: Montag bis Donnerstag: 08:00 Uhr &#8211; 12:30 Uhr Montag, Dienstag: 14:00 Uhr -18:00 Uhr Donnerstag: 14:00 Uhr &#8211; 18:30 Uhr <\/p>","protected":false},"author":1,"featured_media":0,"parent":0,"menu_order":0,"comment_status":"closed","ping_status":"closed","template":"","meta":{"_acf_changed":false,"inline_featured_image":false,"two_page_speed":{"current_score":{"desktop_score":100,"desktop_tti":"0.5\u00a0","mobile_score":97,"mobile_tti":"2.1\u00a0","date":"21.01.2026 03:34:21 pm","status":"completed"}},"footnotes":""},"class_list":["post-41","page","type-page","status-publish","hentry"],"acf":[],"yoast_head":"<!-- This site is optimized with the Yoast SEO plugin v27.2 - https:\/\/yoast.com\/product\/yoast-seo-wordpress\/ -->\n<title>Kontakt - Zahnvital28 M\u00fcnster<\/title>\n<meta name=\"robots\" content=\"index, follow, max-snippet:-1, max-image-preview:large, max-video-preview:-1\" \/>\n<link rel=\"canonical\" href=\"https:\/\/zahnvital28-muenster.de\/ar\/kontakt\/\" \/>\n<meta property=\"og:locale\" content=\"ar_AR\" \/>\n<meta property=\"og:type\" content=\"article\" \/>\n<meta property=\"og:title\" content=\"Kontakt - Zahnvital28 M\u00fcnster\" \/>\n<meta property=\"og:description\" content=\"UNSERE KONTAKTINFORMATIONEN Wir sind f\u00fcr Sie da Gerne k\u00f6nnen Sie uns Ihr Anliegen telefonisch oder per E-Mail mitteilen. Hier finden Sie uns: Warendorfer Str. 185, 48145 M\u00fcnster E-Mail-Adresse: info@zahnvital28-muenster.de Telefon: +49 251 33360 Unsere \u00d6ffnungszeiten: Montag bis Donnerstag: 08:00 Uhr &#8211; 12:30 Uhr Montag, Dienstag: 14:00 Uhr -18:00 Uhr Donnerstag: 14:00 Uhr &#8211; 18:30 Uhr\" \/>\n<meta property=\"og:url\" content=\"https:\/\/zahnvital28-muenster.de\/ar\/kontakt\/\" \/>\n<meta property=\"og:site_name\" content=\"Zahnvital28 M\u00fcnster\" \/>\n<meta property=\"article:modified_time\" content=\"2026-01-21T14:33:53+00:00\" \/>\n<meta name=\"twitter:card\" content=\"summary_large_image\" \/>\n<meta name=\"twitter:label1\" content=\"\u0648\u0642\u062a \u0627\u0644\u0642\u0631\u0627\u0621\u0629 \u0627\u0644\u0645\u064f\u0642\u062f\u0651\u0631\" \/>\n\t<meta name=\"twitter:data1\" content=\"\u062f\u0642\u064a\u0642\u0629 \u0648\u0627\u062d\u062f\u0629\" \/>\n<script type=\"application\/ld+json\" class=\"yoast-schema-graph\">{\"@context\":\"https:\/\/schema.org\",\"@graph\":[{\"@type\":\"WebPage\",\"@id\":\"https:\/\/zahnvital28-muenster.de\/de_de\/kontakt\/\",\"url\":\"https:\/\/zahnvital28-muenster.de\/de_de\/kontakt\/\",\"name\":\"Kontakt - Zahnvital28 M\u00fcnster\",\"isPartOf\":{\"@id\":\"https:\/\/zahnvital28-muenster.de\/#website\"},\"datePublished\":\"2021-07-27T03:29:34+00:00\",\"dateModified\":\"2026-01-21T14:33:53+00:00\",\"breadcrumb\":{\"@id\":\"https:\/\/zahnvital28-muenster.de\/de_de\/kontakt\/#breadcrumb\"},\"inLanguage\":\"ar\",\"potentialAction\":[{\"@type\":\"ReadAction\",\"target\":[\"https:\/\/zahnvital28-muenster.de\/de_de\/kontakt\/\"]}]},{\"@type\":\"BreadcrumbList\",\"@id\":\"https:\/\/zahnvital28-muenster.de\/de_de\/kontakt\/#breadcrumb\",\"itemListElement\":[{\"@type\":\"ListItem\",\"position\":1,\"name\":\"Home\",\"item\":\"https:\/\/zahnvital28-muenster.de\/de_de\/\"},{\"@type\":\"ListItem\",\"position\":2,\"name\":\"Kontakt\"}]},{\"@type\":\"WebSite\",\"@id\":\"https:\/\/zahnvital28-muenster.de\/#website\",\"url\":\"https:\/\/zahnvital28-muenster.de\/\",\"name\":\"Zahnvital28 M\u00fcnster\",\"description\":\"Ihre Zahnarztpraxis in M\u00fcnster Mauritz\",\"potentialAction\":[{\"@type\":\"SearchAction\",\"target\":{\"@type\":\"EntryPoint\",\"urlTemplate\":\"https:\/\/zahnvital28-muenster.de\/?s={search_term_string}\"},\"query-input\":{\"@type\":\"PropertyValueSpecification\",\"valueRequired\":true,\"valueName\":\"search_term_string\"}}],\"inLanguage\":\"ar\"}]}<\/script>\n<!-- \/ Yoast SEO plugin. -->","yoast_head_json":{"title":"Kontakt - Zahnvital28 M\u00fcnster","robots":{"index":"index","follow":"follow","max-snippet":"max-snippet:-1","max-image-preview":"max-image-preview:large","max-video-preview":"max-video-preview:-1"},"canonical":"https:\/\/zahnvital28-muenster.de\/ar\/kontakt\/","og_locale":"ar_AR","og_type":"article","og_title":"Kontakt - Zahnvital28 M\u00fcnster","og_description":"UNSERE KONTAKTINFORMATIONEN Wir sind f\u00fcr Sie da Gerne k\u00f6nnen Sie uns Ihr Anliegen telefonisch oder per E-Mail mitteilen. Hier finden Sie uns: Warendorfer Str. 185, 48145 M\u00fcnster E-Mail-Adresse: info@zahnvital28-muenster.de Telefon: +49 251 33360 Unsere \u00d6ffnungszeiten: Montag bis Donnerstag: 08:00 Uhr &#8211; 12:30 Uhr Montag, Dienstag: 14:00 Uhr -18:00 Uhr Donnerstag: 14:00 Uhr &#8211; 18:30 Uhr","og_url":"https:\/\/zahnvital28-muenster.de\/ar\/kontakt\/","og_site_name":"Zahnvital28 M\u00fcnster","article_modified_time":"2026-01-21T14:33:53+00:00","twitter_card":"summary_large_image","twitter_misc":{"\u0648\u0642\u062a \u0627\u0644\u0642\u0631\u0627\u0621\u0629 \u0627\u0644\u0645\u064f\u0642\u062f\u0651\u0631":"\u062f\u0642\u064a\u0642\u0629 \u0648\u0627\u062d\u062f\u0629"},"schema":{"@context":"https:\/\/schema.org","@graph":[{"@type":"WebPage","@id":"https:\/\/zahnvital28-muenster.de\/de_de\/kontakt\/","url":"https:\/\/zahnvital28-muenster.de\/de_de\/kontakt\/","name":"Kontakt - Zahnvital28 M\u00fcnster","isPartOf":{"@id":"https:\/\/zahnvital28-muenster.de\/#website"},"datePublished":"2021-07-27T03:29:34+00:00","dateModified":"2026-01-21T14:33:53+00:00","breadcrumb":{"@id":"https:\/\/zahnvital28-muenster.de\/de_de\/kontakt\/#breadcrumb"},"inLanguage":"ar","potentialAction":[{"@type":"ReadAction","target":["https:\/\/zahnvital28-muenster.de\/de_de\/kontakt\/"]}]},{"@type":"BreadcrumbList","@id":"https:\/\/zahnvital28-muenster.de\/de_de\/kontakt\/#breadcrumb","itemListElement":[{"@type":"ListItem","position":1,"name":"Home","item":"https:\/\/zahnvital28-muenster.de\/de_de\/"},{"@type":"ListItem","position":2,"name":"Kontakt"}]},{"@type":"WebSite","@id":"https:\/\/zahnvital28-muenster.de\/#website","url":"https:\/\/zahnvital28-muenster.de\/","name":"Zahnvital28 M\u00fcnster","description":"Ihre Zahnarztpraxis in M\u00fcnster Mauritz","potentialAction":[{"@type":"SearchAction","target":{"@type":"EntryPoint","urlTemplate":"https:\/\/zahnvital28-muenster.de\/?s={search_term_string}"},"query-input":{"@type":"PropertyValueSpecification","valueRequired":true,"valueName":"search_term_string"}}],"inLanguage":"ar"}]}},"_links":{"self":[{"href":"https:\/\/zahnvital28-muenster.de\/ar\/wp-json\/wp\/v2\/pages\/41","targetHints":{"allow":["GET"]}}],"collection":[{"href":"https:\/\/zahnvital28-muenster.de\/ar\/wp-json\/wp\/v2\/pages"}],"about":[{"href":"https:\/\/zahnvital28-muenster.de\/ar\/wp-json\/wp\/v2\/types\/page"}],"author":[{"embeddable":true,"href":"https:\/\/zahnvital28-muenster.de\/ar\/wp-json\/wp\/v2\/users\/1"}],"replies":[{"embeddable":true,"href":"https:\/\/zahnvital28-muenster.de\/ar\/wp-json\/wp\/v2\/comments?post=41"}],"version-history":[{"count":5,"href":"https:\/\/zahnvital28-muenster.de\/ar\/wp-json\/wp\/v2\/pages\/41\/revisions"}],"predecessor-version":[{"id":2499,"href":"https:\/\/zahnvital28-muenster.de\/ar\/wp-json\/wp\/v2\/pages\/41\/revisions\/2499"}],"wp:attachment":[{"href":"https:\/\/zahnvital28-muenster.de\/ar\/wp-json\/wp\/v2\/media?parent=41"}],"curies":[{"name":"wp","href":"https:\/\/api.w.org\/{rel}","templated":true}]}}