{"id":584,"date":"2023-10-01T11:28:26","date_gmt":"2023-10-01T09:28:26","guid":{"rendered":"https:\/\/zahnvital28-muenster.de\/?page_id=584"},"modified":"2023-11-08T11:00:16","modified_gmt":"2023-11-08T10:00:16","slug":"impressum","status":"publish","type":"page","link":"https:\/\/zahnvital28-muenster.de\/de_de\/impressum\/","title":{"rendered":"Impressum"},"content":{"rendered":"\n<h3 class=\"wp-block-heading\">Verantwortlicher<\/h3>\n\n\n\n<p>Zahnvital28 M\u00fcnster<br>Zahnarzt Anas Abutaima<br>Warendorfer Str. 185<br>48145 M\u00fcnster<\/p>\n\n\n\n<h3 class=\"wp-block-heading\">Kontakt<\/h3>\n\n\n\n<p>Telefon: +49 251 33360<br>E-Mail: info@zahnvital28-muenster.de<\/p>\n\n\n\n<h3 class=\"wp-block-heading\"><strong>Zust\u00e4ndige Kammer<\/strong><\/h3>\n\n\n\n<p>Zahn\u00e4rztekammer Westfalen-Lippe<br>Auf der Horst 29<br>48147 M\u00fcnster<br>Internet:\u00a0<a href=\"http:\/\/www.zahnaerzte-wl.de\/\">www.zahnaerzte-wl.de<\/a><\/p>\n\n\n\n<h3 class=\"wp-block-heading\"><strong>Zust\u00e4ndige kassenzahn\u00e4rztliche Vereinigung<\/strong><\/h3>\n\n\n\n<p>Kassenzahn\u00e4rztliche Vereinigung Westfalen-Lippe<br>Auf der Horst 25<br>48147 M\u00fcnster<br>Internet:\u00a0<a href=\"http:\/\/www.zahnaerzte-wl.de\/\">www.zahnaerzte-wl.de<\/a><\/p>\n\n\n\n<h3 class=\"wp-block-heading\"><strong>Berufsbezeichnung<\/strong><\/h3>\n\n\n\n<p>Zahnarzt (Berufsbezeichnung verliehen in der Bundesrepublik Deutschland)<\/p>\n\n\n\n<h3 class=\"wp-block-heading\"><strong>Berufsrechtliche Regelungen<\/strong><\/h3>\n\n\n\n<p>Die folgenden berufsrechtlichen Regelungen sind auf der Internetseite der Zahn\u00e4rztekammer Westfalen-Lippe unter dem Men\u00fcpunkt Rechtsvorschriften hinterlegt.<\/p>\n\n\n\n<p>Gesetz \u00fcber die Aus\u00fcbung der Zahnheilkunde vom 31. M\u00e4rz 1952 (BGB1. I Seite 221) in der Fassung der Bekanntmachung vom 16. April 1987 (BGBI. I Seite 1225) zuletzt ge\u00e4ndert durch den Artikel&nbsp;6 des Gesetzes vom 24. Juli 2010 (BGBl. I Seite 983)<\/p>\n\n\n\n<p>Berufsordnung der Zahn\u00e4rztekammer Westfalen-Lippe vom&nbsp;19. November 2005&nbsp;(MBl. NRW 2006, 42) zuletzt ge\u00e4ndert am&nbsp;06. Dezember 2008&nbsp;(MBl. NRW 2009, 130)<\/p>\n\n\n\n<p>Geb\u00fchrenordnung f\u00fcr Zahn\u00e4rzte (GOZ) vom 22. Oktober 1987 (BGBl. I, Seite 2316), Stand 01.01.2002,<\/p>\n\n\n\n<p>Heilberufsgesetz f\u00fcr das Land Nordrhein-Westfalen vom 9.Mai 2000 in der Fassung der Bekanntmachung vom 16. Mai 2000 (GVBl. NRW 2000 Seite 403) zuletzt ge\u00e4ndert am 01.03.2005 (GVBl. NRW 05, Seite 148)<\/p>\n\n\n\n<p>Die Internetseiten entsprechen den Richtlinien des W3C (World Wide Web Consortium), welches die Syntax f\u00fcr international g\u00fcltigen HTML-, XHTML- und CSS-Code festlegt.<br>\u00a0<br>Unsere Zahnarztpraxis \u00fcbernimmt keinerlei Gew\u00e4hr f\u00fcr die Aktualit\u00e4t, Korrektheit, Vollst\u00e4ndigkeit oder Qualit\u00e4t der bereitgestellten Informationen. Haftungsanspr\u00fcche gegen die Praxis Zahnvital28 M\u00fcnster | Zahnarzt Anas Abutaima, welche sich auf Sch\u00e4den materieller oder ideeller Art beziehen, die durch die Nutzung oder Nichtnutzung der dargebotenen Informationen bzw. durch die Nutzung fehlerhafter und unvollst\u00e4ndiger Informationen verursacht wurden, sind grunds\u00e4tzlich ausgeschlossen, sofern seitens Praxis Zahnvital28 M\u00fcnster | Zahnarzt Anas Abutaima kein nachweislich vors\u00e4tzliches oder grob fahrl\u00e4ssiges Verschulden vorliegt.<\/p>\n\n\n\n<p>Zahnvital28 M\u00fcnster | Zahnarzt Anas Abutaima beh\u00e4lt es sich ausdr\u00fccklich vor, Teile der Seiten oder das gesamte Angebot ohne gesonderte Ank\u00fcndigung zu ver\u00e4ndern, zu erg\u00e4nzen, zu l\u00f6schen oder die Ver\u00f6ffentlichung zeitweise oder endg\u00fcltig einzustellen.<\/p>\n","protected":false},"excerpt":{"rendered":"<p>Verantwortlicher Zahnvital28 M\u00fcnsterZahnarzt Anas AbutaimaWarendorfer Str. 18548145 M\u00fcnster Kontakt Telefon: +49 251 33360E-Mail: info@zahnvital28-muenster.de Zust\u00e4ndige Kammer Zahn\u00e4rztekammer Westfalen-LippeAuf der Horst 2948147 M\u00fcnsterInternet:\u00a0www.zahnaerzte-wl.de Zust\u00e4ndige kassenzahn\u00e4rztliche Vereinigung Kassenzahn\u00e4rztliche Vereinigung Westfalen-LippeAuf der Horst 2548147 M\u00fcnsterInternet:\u00a0www.zahnaerzte-wl.de Berufsbezeichnung Zahnarzt (Berufsbezeichnung verliehen in der Bundesrepublik Deutschland) Berufsrechtliche Regelungen Die folgenden berufsrechtlichen Regelungen sind auf der Internetseite der Zahn\u00e4rztekammer Westfalen-Lippe unter dem <\/p>\n","protected":false},"author":1,"featured_media":0,"parent":0,"menu_order":0,"comment_status":"closed","ping_status":"closed","template":"","meta":{"_acf_changed":false,"inline_featured_image":false,"two_page_speed":[],"footnotes":""},"class_list":["post-584","page","type-page","status-publish","hentry"],"acf":[],"yoast_head":"<!-- This site is optimized with the Yoast SEO plugin v27.2 - https:\/\/yoast.com\/product\/yoast-seo-wordpress\/ -->\n<title>Impressum - Zahnvital28 M\u00fcnster<\/title>\n<meta name=\"robots\" content=\"index, follow, max-snippet:-1, max-image-preview:large, max-video-preview:-1\" \/>\n<link rel=\"canonical\" href=\"https:\/\/zahnvital28-muenster.de\/de_de\/impressum\/\" \/>\n<meta property=\"og:locale\" content=\"de_DE\" \/>\n<meta property=\"og:type\" content=\"article\" \/>\n<meta property=\"og:title\" content=\"Impressum - Zahnvital28 M\u00fcnster\" \/>\n<meta property=\"og:description\" content=\"Verantwortlicher Zahnvital28 M\u00fcnsterZahnarzt Anas AbutaimaWarendorfer Str. 18548145 M\u00fcnster Kontakt Telefon: +49 251 33360E-Mail: info@zahnvital28-muenster.de Zust\u00e4ndige Kammer Zahn\u00e4rztekammer Westfalen-LippeAuf der Horst 2948147 M\u00fcnsterInternet:\u00a0www.zahnaerzte-wl.de Zust\u00e4ndige kassenzahn\u00e4rztliche Vereinigung Kassenzahn\u00e4rztliche Vereinigung Westfalen-LippeAuf der Horst 2548147 M\u00fcnsterInternet:\u00a0www.zahnaerzte-wl.de Berufsbezeichnung Zahnarzt (Berufsbezeichnung verliehen in der Bundesrepublik Deutschland) Berufsrechtliche Regelungen Die folgenden berufsrechtlichen Regelungen sind auf der Internetseite der Zahn\u00e4rztekammer Westfalen-Lippe unter dem\" \/>\n<meta property=\"og:url\" content=\"https:\/\/zahnvital28-muenster.de\/de_de\/impressum\/\" \/>\n<meta property=\"og:site_name\" content=\"Zahnvital28 M\u00fcnster\" \/>\n<meta property=\"article:modified_time\" content=\"2023-11-08T10:00:16+00:00\" \/>\n<meta name=\"twitter:card\" content=\"summary_large_image\" \/>\n<meta name=\"twitter:label1\" content=\"Gesch\u00e4tzte Lesezeit\" \/>\n\t<meta name=\"twitter:data1\" content=\"2\u00a0Minuten\" \/>\n<script type=\"application\/ld+json\" class=\"yoast-schema-graph\">{\"@context\":\"https:\/\/schema.org\",\"@graph\":[{\"@type\":\"WebPage\",\"@id\":\"https:\/\/zahnvital28-muenster.de\/impressum\/\",\"url\":\"https:\/\/zahnvital28-muenster.de\/impressum\/\",\"name\":\"Impressum - Zahnvital28 M\u00fcnster\",\"isPartOf\":{\"@id\":\"https:\/\/zahnvital28-muenster.de\/#website\"},\"datePublished\":\"2023-10-01T09:28:26+00:00\",\"dateModified\":\"2023-11-08T10:00:16+00:00\",\"breadcrumb\":{\"@id\":\"https:\/\/zahnvital28-muenster.de\/impressum\/#breadcrumb\"},\"inLanguage\":\"de\",\"potentialAction\":[{\"@type\":\"ReadAction\",\"target\":[\"https:\/\/zahnvital28-muenster.de\/impressum\/\"]}]},{\"@type\":\"BreadcrumbList\",\"@id\":\"https:\/\/zahnvital28-muenster.de\/impressum\/#breadcrumb\",\"itemListElement\":[{\"@type\":\"ListItem\",\"position\":1,\"name\":\"Home\",\"item\":\"https:\/\/zahnvital28-muenster.de\/de_de\/\"},{\"@type\":\"ListItem\",\"position\":2,\"name\":\"Impressum\"}]},{\"@type\":\"WebSite\",\"@id\":\"https:\/\/zahnvital28-muenster.de\/#website\",\"url\":\"https:\/\/zahnvital28-muenster.de\/\",\"name\":\"Zahnvital28 M\u00fcnster\",\"description\":\"Ihre Zahnarztpraxis in M\u00fcnster Mauritz\",\"potentialAction\":[{\"@type\":\"SearchAction\",\"target\":{\"@type\":\"EntryPoint\",\"urlTemplate\":\"https:\/\/zahnvital28-muenster.de\/?s={search_term_string}\"},\"query-input\":{\"@type\":\"PropertyValueSpecification\",\"valueRequired\":true,\"valueName\":\"search_term_string\"}}],\"inLanguage\":\"de\"}]}<\/script>\n<!-- \/ Yoast SEO plugin. -->","yoast_head_json":{"title":"Impressum - Zahnvital28 M\u00fcnster","robots":{"index":"index","follow":"follow","max-snippet":"max-snippet:-1","max-image-preview":"max-image-preview:large","max-video-preview":"max-video-preview:-1"},"canonical":"https:\/\/zahnvital28-muenster.de\/de_de\/impressum\/","og_locale":"de_DE","og_type":"article","og_title":"Impressum - Zahnvital28 M\u00fcnster","og_description":"Verantwortlicher Zahnvital28 M\u00fcnsterZahnarzt Anas AbutaimaWarendorfer Str. 18548145 M\u00fcnster Kontakt Telefon: +49 251 33360E-Mail: info@zahnvital28-muenster.de Zust\u00e4ndige Kammer Zahn\u00e4rztekammer Westfalen-LippeAuf der Horst 2948147 M\u00fcnsterInternet:\u00a0www.zahnaerzte-wl.de Zust\u00e4ndige kassenzahn\u00e4rztliche Vereinigung Kassenzahn\u00e4rztliche Vereinigung Westfalen-LippeAuf der Horst 2548147 M\u00fcnsterInternet:\u00a0www.zahnaerzte-wl.de Berufsbezeichnung Zahnarzt (Berufsbezeichnung verliehen in der Bundesrepublik Deutschland) Berufsrechtliche Regelungen Die folgenden berufsrechtlichen Regelungen sind auf der Internetseite der Zahn\u00e4rztekammer Westfalen-Lippe unter dem","og_url":"https:\/\/zahnvital28-muenster.de\/de_de\/impressum\/","og_site_name":"Zahnvital28 M\u00fcnster","article_modified_time":"2023-11-08T10:00:16+00:00","twitter_card":"summary_large_image","twitter_misc":{"Gesch\u00e4tzte Lesezeit":"2\u00a0Minuten"},"schema":{"@context":"https:\/\/schema.org","@graph":[{"@type":"WebPage","@id":"https:\/\/zahnvital28-muenster.de\/impressum\/","url":"https:\/\/zahnvital28-muenster.de\/impressum\/","name":"Impressum - Zahnvital28 M\u00fcnster","isPartOf":{"@id":"https:\/\/zahnvital28-muenster.de\/#website"},"datePublished":"2023-10-01T09:28:26+00:00","dateModified":"2023-11-08T10:00:16+00:00","breadcrumb":{"@id":"https:\/\/zahnvital28-muenster.de\/impressum\/#breadcrumb"},"inLanguage":"de","potentialAction":[{"@type":"ReadAction","target":["https:\/\/zahnvital28-muenster.de\/impressum\/"]}]},{"@type":"BreadcrumbList","@id":"https:\/\/zahnvital28-muenster.de\/impressum\/#breadcrumb","itemListElement":[{"@type":"ListItem","position":1,"name":"Home","item":"https:\/\/zahnvital28-muenster.de\/de_de\/"},{"@type":"ListItem","position":2,"name":"Impressum"}]},{"@type":"WebSite","@id":"https:\/\/zahnvital28-muenster.de\/#website","url":"https:\/\/zahnvital28-muenster.de\/","name":"Zahnvital28 M\u00fcnster","description":"Ihre Zahnarztpraxis in M\u00fcnster Mauritz","potentialAction":[{"@type":"SearchAction","target":{"@type":"EntryPoint","urlTemplate":"https:\/\/zahnvital28-muenster.de\/?s={search_term_string}"},"query-input":{"@type":"PropertyValueSpecification","valueRequired":true,"valueName":"search_term_string"}}],"inLanguage":"de"}]}},"_links":{"self":[{"href":"https:\/\/zahnvital28-muenster.de\/de_de\/wp-json\/wp\/v2\/pages\/584","targetHints":{"allow":["GET"]}}],"collection":[{"href":"https:\/\/zahnvital28-muenster.de\/de_de\/wp-json\/wp\/v2\/pages"}],"about":[{"href":"https:\/\/zahnvital28-muenster.de\/de_de\/wp-json\/wp\/v2\/types\/page"}],"author":[{"embeddable":true,"href":"https:\/\/zahnvital28-muenster.de\/de_de\/wp-json\/wp\/v2\/users\/1"}],"replies":[{"embeddable":true,"href":"https:\/\/zahnvital28-muenster.de\/de_de\/wp-json\/wp\/v2\/comments?post=584"}],"version-history":[{"count":5,"href":"https:\/\/zahnvital28-muenster.de\/de_de\/wp-json\/wp\/v2\/pages\/584\/revisions"}],"predecessor-version":[{"id":2402,"href":"https:\/\/zahnvital28-muenster.de\/de_de\/wp-json\/wp\/v2\/pages\/584\/revisions\/2402"}],"wp:attachment":[{"href":"https:\/\/zahnvital28-muenster.de\/de_de\/wp-json\/wp\/v2\/media?parent=584"}],"curies":[{"name":"wp","href":"https:\/\/api.w.org\/{rel}","templated":true}]}}